{"id":8120,"date":"2026-03-23T14:15:10","date_gmt":"2026-03-23T11:15:10","guid":{"rendered":"https:\/\/cv127557.tw1.ru\/konsultatsii-v-stroitelstve\/"},"modified":"2026-04-01T11:41:20","modified_gmt":"2026-04-01T08:41:20","slug":"consultanta-in-constructii","status":"publish","type":"page","link":"https:\/\/clemantin.md\/ro\/consultanta-in-constructii\/","title":{"rendered":"Consultan\u021b\u0103 \u00een construc\u021bii"},"content":{"rendered":"\t\t<div data-elementor-type=\"wp-page\" data-elementor-id=\"8120\" class=\"elementor elementor-8120 elementor-6820\">\n\t\t\t\t<div class=\"elementor-element elementor-element-47e36624 e-con-full e-flex e-con e-parent\" data-id=\"47e36624\" data-element_type=\"container\" data-e-type=\"container\" data-settings=\"{&quot;background_background&quot;:&quot;classic&quot;}\">\n\t\t<div class=\"elementor-element elementor-element-241ecdab e-con-full e-flex e-con e-child\" data-id=\"241ecdab\" data-element_type=\"container\" data-e-type=\"container\">\n\t\t\t\t<div class=\"elementor-element elementor-element-4d63cd7a elementor-widget elementor-widget-heading\" data-id=\"4d63cd7a\" data-element_type=\"widget\" data-e-type=\"widget\" data-widget_type=\"heading.default\">\n\t\t\t\t\t<h2 class=\"elementor-heading-title elementor-size-default\">CONSULTAN\u021a\u0102 \u00ceN CONSTRUC\u021aII<\/h2>\t\t\t\t<\/div>\n\t\t\t\t<\/div>\n\t\t<div class=\"elementor-element elementor-element-34802181 e-con-full e-flex e-con e-child\" data-id=\"34802181\" data-element_type=\"container\" data-e-type=\"container\">\n\t\t\t\t<div class=\"elementor-element elementor-element-75635060 elementor-widget elementor-widget-text-editor\" data-id=\"75635060\" data-element_type=\"widget\" data-e-type=\"widget\" data-widget_type=\"text-editor.default\">\n\t\t\t\t\t\t\t\t\t<p style=\"text-align: left;\"><span style=\"color: #ffffff;\">Serviciile de consultan\u021b\u0103 \u00een construc\u021bii sunt dedicate beneficiarilor care au nevoie de suport profesionist \u00een procesul de planificare, organizare \u0219i realizare a proiectelor. \u00cen cadrul <strong>CLEMANTIN SRL<\/strong>, oferim consultan\u021b\u0103 orientat\u0103 spre identificarea celor mai eficiente solu\u021bii tehnice, economice \u0219i organizatorice, adaptate cerin\u021belor fiec\u0103rui client \u0219i specificului fiec\u0103rei investi\u021bii.<\/span><\/p>\t\t\t\t\t\t\t\t<\/div>\n\t\t\t\t<\/div>\n\t\t\t\t<\/div>\n\t\t<div class=\"elementor-element elementor-element-5161c9da e-flex e-con-boxed e-con e-parent\" data-id=\"5161c9da\" data-element_type=\"container\" data-e-type=\"container\" data-settings=\"{&quot;background_background&quot;:&quot;classic&quot;}\">\n\t\t\t\t\t<div class=\"e-con-inner\">\n\t\t\t\t<div class=\"elementor-element elementor-element-75f153a6 elementor-widget elementor-widget-heading\" data-id=\"75f153a6\" data-element_type=\"widget\" data-e-type=\"widget\" data-widget_type=\"heading.default\">\n\t\t\t\t\t<h2 class=\"elementor-heading-title elementor-size-default\">Prin experien\u021b\u0103, responsabilitate \u0219i o abordare practic\u0103, sprijinim beneficiarii \u00een \u00een\u021belegerea etapelor de realizare a proiectelor, evaluarea solu\u021biilor constructive, estimarea costurilor \u0219i luarea deciziilor informate. Scopul nostru este de a contribui la desf\u0103\u0219urarea corect\u0103, eficient\u0103 \u0219i bine organizat\u0103 a fiec\u0103rui proiect de construc\u021bie.<\/h2>\t\t\t\t<\/div>\n\t\t\t\t\t<\/div>\n\t\t\t\t<\/div>\n\t\t\t\t<\/div>\n\t\t","protected":false},"excerpt":{"rendered":"<p>CONSULTAN\u021a\u0102 \u00ceN CONSTRUC\u021aII Serviciile de consultan\u021b\u0103 \u00een construc\u021bii sunt dedicate beneficiarilor care au nevoie de suport profesionist \u00een procesul de planificare, organizare \u0219i realizare a proiectelor. \u00cen cadrul CLEMANTIN SRL, oferim consultan\u021b\u0103 orientat\u0103 spre identificarea celor mai eficiente solu\u021bii tehnice, economice \u0219i organizatorice, adaptate cerin\u021belor fiec\u0103rui client \u0219i specificului fiec\u0103rei investi\u021bii. Prin experien\u021b\u0103, responsabilitate \u0219i [&hellip;]<\/p>\n","protected":false},"author":1,"featured_media":0,"parent":0,"menu_order":0,"comment_status":"closed","ping_status":"closed","template":"tpl-default-elementor.php","meta":{"footnotes":""},"class_list":["post-8120","page","type-page","status-publish","hentry"],"_links":{"self":[{"href":"https:\/\/clemantin.md\/ro\/wp-json\/wp\/v2\/pages\/8120","targetHints":{"allow":["GET"]}}],"collection":[{"href":"https:\/\/clemantin.md\/ro\/wp-json\/wp\/v2\/pages"}],"about":[{"href":"https:\/\/clemantin.md\/ro\/wp-json\/wp\/v2\/types\/page"}],"author":[{"embeddable":true,"href":"https:\/\/clemantin.md\/ro\/wp-json\/wp\/v2\/users\/1"}],"replies":[{"embeddable":true,"href":"https:\/\/clemantin.md\/ro\/wp-json\/wp\/v2\/comments?post=8120"}],"version-history":[{"count":5,"href":"https:\/\/clemantin.md\/ro\/wp-json\/wp\/v2\/pages\/8120\/revisions"}],"predecessor-version":[{"id":8126,"href":"https:\/\/clemantin.md\/ro\/wp-json\/wp\/v2\/pages\/8120\/revisions\/8126"}],"wp:attachment":[{"href":"https:\/\/clemantin.md\/ro\/wp-json\/wp\/v2\/media?parent=8120"}],"curies":[{"name":"wp","href":"https:\/\/api.w.org\/{rel}","templated":true}]}}