{"id":8106,"date":"2026-03-23T14:08:25","date_gmt":"2026-03-23T11:08:25","guid":{"rendered":"https:\/\/cv127557.tw1.ru\/razrabotka-smetnoy-dokumentatsii\/"},"modified":"2026-04-01T11:41:47","modified_gmt":"2026-04-01T08:41:47","slug":"elaborarea-devizelor-de-cheltuieli","status":"publish","type":"page","link":"https:\/\/clemantin.md\/ro\/elaborarea-devizelor-de-cheltuieli\/","title":{"rendered":"Elaborarea devizelor de cheltuieli"},"content":{"rendered":"\t\t<div data-elementor-type=\"wp-page\" data-elementor-id=\"8106\" class=\"elementor elementor-8106 elementor-6796\">\n\t\t\t\t<div class=\"elementor-element elementor-element-5c836ccb e-con-full e-flex e-con e-parent\" data-id=\"5c836ccb\" data-element_type=\"container\" data-e-type=\"container\" data-settings=\"{&quot;background_background&quot;:&quot;classic&quot;}\">\n\t\t<div class=\"elementor-element elementor-element-d9deac3 e-con-full e-flex e-con e-child\" data-id=\"d9deac3\" data-element_type=\"container\" data-e-type=\"container\">\n\t\t\t\t<div class=\"elementor-element elementor-element-c8eaf22 elementor-widget elementor-widget-heading\" data-id=\"c8eaf22\" data-element_type=\"widget\" data-e-type=\"widget\" data-widget_type=\"heading.default\">\n\t\t\t\t\t<h2 class=\"elementor-heading-title elementor-size-default\">ELABORAREA DEVIZELOR DE CHELTUIELI<\/h2>\t\t\t\t<\/div>\n\t\t\t\t<\/div>\n\t\t<div class=\"elementor-element elementor-element-1df17e9a e-con-full e-flex e-con e-child\" data-id=\"1df17e9a\" data-element_type=\"container\" data-e-type=\"container\">\n\t\t\t\t<div class=\"elementor-element elementor-element-5ef2144 elementor-widget elementor-widget-text-editor\" data-id=\"5ef2144\" data-element_type=\"widget\" data-e-type=\"widget\" data-widget_type=\"text-editor.default\">\n\t\t\t\t\t\t\t\t\t<p style=\"text-align: left;\"><span style=\"color: #ffffff;\">Serviciile de elaborare a devizelor de cheltuieli au rolul de a oferi o imagine clar\u0103, structurat\u0103 \u0219i realist\u0103 asupra costurilor necesare pentru realizarea unui proiect de construc\u021bie. \u00cen cadrul <strong>CLEMANTIN SRL<\/strong>, \u00eentocmim devize de cheltuieli cu aten\u021bie la detalii, \u00een conformitate cu documenta\u021bia tehnic\u0103, volumele de lucr\u0103ri \u0219i cerin\u021bele specifice ale fiec\u0103rui obiectiv.<\/span><\/p>\t\t\t\t\t\t\t\t<\/div>\n\t\t\t\t<\/div>\n\t\t\t\t<\/div>\n\t\t<div class=\"elementor-element elementor-element-2fd73a92 e-flex e-con-boxed e-con e-parent\" data-id=\"2fd73a92\" data-element_type=\"container\" data-e-type=\"container\" data-settings=\"{&quot;background_background&quot;:&quot;classic&quot;}\">\n\t\t\t\t\t<div class=\"e-con-inner\">\n\t\t\t\t<div class=\"elementor-element elementor-element-703268a6 elementor-widget elementor-widget-heading\" data-id=\"703268a6\" data-element_type=\"widget\" data-e-type=\"widget\" data-widget_type=\"heading.default\">\n\t\t\t\t\t<h2 class=\"elementor-heading-title elementor-size-default\">Prin aceste servicii, asigur\u0103m beneficiarilor o baz\u0103 solid\u0103 pentru planificarea financiar\u0103, organizarea execu\u021biei \u0219i luarea deciziilor corecte \u00eenc\u0103 din fazele ini\u021biale ale proiectului. Devizele sunt elaborate cu profesionalism, precizie \u0219i responsabilitate, av\u00e2nd ca scop transparen\u021ba costurilor \u0219i eficien\u021ba economic\u0103 a investi\u021biei.<\/h2>\t\t\t\t<\/div>\n\t\t\t\t\t<\/div>\n\t\t\t\t<\/div>\n\t\t\t\t<\/div>\n\t\t","protected":false},"excerpt":{"rendered":"<p>ELABORAREA DEVIZELOR DE CHELTUIELI Serviciile de elaborare a devizelor de cheltuieli au rolul de a oferi o imagine clar\u0103, structurat\u0103 \u0219i realist\u0103 asupra costurilor necesare pentru realizarea unui proiect de construc\u021bie. \u00cen cadrul CLEMANTIN SRL, \u00eentocmim devize de cheltuieli cu aten\u021bie la detalii, \u00een conformitate cu documenta\u021bia tehnic\u0103, volumele de lucr\u0103ri \u0219i cerin\u021bele specifice ale [&hellip;]<\/p>\n","protected":false},"author":1,"featured_media":0,"parent":0,"menu_order":0,"comment_status":"closed","ping_status":"closed","template":"tpl-default-elementor.php","meta":{"footnotes":""},"class_list":["post-8106","page","type-page","status-publish","hentry"],"_links":{"self":[{"href":"https:\/\/clemantin.md\/ro\/wp-json\/wp\/v2\/pages\/8106","targetHints":{"allow":["GET"]}}],"collection":[{"href":"https:\/\/clemantin.md\/ro\/wp-json\/wp\/v2\/pages"}],"about":[{"href":"https:\/\/clemantin.md\/ro\/wp-json\/wp\/v2\/types\/page"}],"author":[{"embeddable":true,"href":"https:\/\/clemantin.md\/ro\/wp-json\/wp\/v2\/users\/1"}],"replies":[{"embeddable":true,"href":"https:\/\/clemantin.md\/ro\/wp-json\/wp\/v2\/comments?post=8106"}],"version-history":[{"count":5,"href":"https:\/\/clemantin.md\/ro\/wp-json\/wp\/v2\/pages\/8106\/revisions"}],"predecessor-version":[{"id":8112,"href":"https:\/\/clemantin.md\/ro\/wp-json\/wp\/v2\/pages\/8106\/revisions\/8112"}],"wp:attachment":[{"href":"https:\/\/clemantin.md\/ro\/wp-json\/wp\/v2\/media?parent=8106"}],"curies":[{"name":"wp","href":"https:\/\/api.w.org\/{rel}","templated":true}]}}