{"id":8059,"date":"2026-03-17T17:19:50","date_gmt":"2026-03-17T14:19:50","guid":{"rendered":"https:\/\/cv127557.tw1.ru\/rekonstruktsiya-i-remont\/"},"modified":"2026-04-01T11:42:20","modified_gmt":"2026-04-01T08:42:20","slug":"reconstructie-si-renovare","status":"publish","type":"page","link":"https:\/\/clemantin.md\/ro\/reconstructie-si-renovare\/","title":{"rendered":"Reconstruc\u021bie \u0219i renovare"},"content":{"rendered":"\t\t<div data-elementor-type=\"wp-page\" data-elementor-id=\"8059\" class=\"elementor elementor-8059 elementor-6157\">\n\t\t\t\t<div class=\"elementor-element elementor-element-1d861701 e-con-full e-flex e-con e-parent\" data-id=\"1d861701\" data-element_type=\"container\" data-e-type=\"container\" data-settings=\"{&quot;background_background&quot;:&quot;classic&quot;}\">\n\t\t<div class=\"elementor-element elementor-element-104658a1 e-con-full e-flex e-con e-child\" data-id=\"104658a1\" data-element_type=\"container\" data-e-type=\"container\">\n\t\t\t\t<div class=\"elementor-element elementor-element-6c764aaf elementor-widget elementor-widget-heading\" data-id=\"6c764aaf\" data-element_type=\"widget\" data-e-type=\"widget\" data-widget_type=\"heading.default\">\n\t\t\t\t\t<h2 class=\"elementor-heading-title elementor-size-default\">RECONSTRUC\u021aIE \u0218I RENOVARE<\/h2>\t\t\t\t<\/div>\n\t\t\t\t<\/div>\n\t\t<div class=\"elementor-element elementor-element-4e1d39c0 e-con-full e-flex e-con e-child\" data-id=\"4e1d39c0\" data-element_type=\"container\" data-e-type=\"container\">\n\t\t\t\t<div class=\"elementor-element elementor-element-99df5e8 elementor-widget elementor-widget-text-editor\" data-id=\"99df5e8\" data-element_type=\"widget\" data-e-type=\"widget\" data-widget_type=\"text-editor.default\">\n\t\t\t\t\t\t\t\t\t<p style=\"text-align: left;\"><span style=\"color: #ffffff;\">Lucr\u0103rile de reconstruc\u021bie \u0219i renovare au rolul de a readuce la via\u021b\u0103 cl\u0103dirile existente, de a le \u00eembun\u0103t\u0103\u021bi func\u021bionalitatea \u0219i de a le adapta cerin\u021belor actuale de utilizare. Procesul poate include interven\u021bii structurale, reconfigur\u0103ri interioare, \u00eenlocuirea sau modernizarea instala\u021biilor, precum \u0219i lucr\u0103ri complete de finisare. Fiecare proiect este realizat cu aten\u021bie la detalii, responsabilitate \u0219i orientare spre durabilitate, siguran\u021b\u0103 \u0219i estetic\u0103.<\/span><\/p>\t\t\t\t\t\t\t\t<\/div>\n\t\t\t\t<\/div>\n\t\t\t\t<\/div>\n\t\t\t\t<section class=\"elementor-section elementor-top-section elementor-element elementor-element-51d15a6e elementor-section-full_width elementor-section-height-default elementor-section-height-default\" data-id=\"51d15a6e\" data-element_type=\"section\" data-e-type=\"section\">\n\t\t\t\t\t\t<div class=\"elementor-container elementor-column-gap-no\">\n\t\t\t\t\t<div class=\"elementor-column elementor-col-100 elementor-top-column elementor-element elementor-element-2437016a\" data-id=\"2437016a\" data-element_type=\"column\" data-e-type=\"column\">\n\t\t\t<div class=\"elementor-widget-wrap elementor-element-populated\">\n\t\t\t\t\t\t<div class=\"elementor-element elementor-element-3c2dc9a1 service-block--h100 service-block--max-content elementor-widget elementor-widget-roofplan_h3_service_icon\" data-id=\"3c2dc9a1\" data-element_type=\"widget\" data-e-type=\"widget\" data-widget_type=\"roofplan_h3_service_icon.default\">\n\t\t\t\t<div class=\"elementor-widget-container\">\n\t\t\t\t\t        \n\t\t<!--Start Service Style2 Area-->\n\t\t<section class=\"service-style2-area \">\n\t\t\t<div class=\"shape1 wow slideInLeft\" data-wow-delay=\"100ms\" data-wow-duration=\"3500ms\">\n\t\t\t\t\t\t\t\t<div class=\"noimage\"><\/div>\n\t\t\t\t\t\t\t<\/div>\n\t\t\t<div class=\"shape2 wow slideInRight\" data-wow-delay=\"100ms\" data-wow-duration=\"3500ms\">\n\t\t\t\t\t\t\t\t<div class=\"noimage\"><\/div>\n\t\t\t\t\t\t\t<\/div>\n\t\t\t<div class=\"shape3 wow slideInLeft\" data-wow-delay=\"100ms\" data-wow-duration=\"1000ms\">\n\t\t\t\t\t\t\t\t<div class=\"noimage\"><\/div>\n\t\t\t\t\t\t\t<\/div>\n\t\t\t<div class=\"shape4 wow slideInDown\" data-wow-delay=\"100ms\" data-wow-duration=\"1000ms\">\n\t\t\t\t\t\t\t\t<div class=\"noimage\"><\/div>\n\t\t\t\t\t\t\t<\/div>\n\t\t\t<div class=\"shape5 wow slideInRight\" data-wow-delay=\"100ms\" data-wow-duration=\"3500ms\">\n\t\t\t\t\t\t\t\t<div class=\"noimage\"><\/div>\n\t\t\t\t\t\t\t<\/div>\n\t\t\t<div class=\"container\">\n\t\t\t\t\t\t\t\t<div class=\"row\">\n\t\t\t\t\t\t\t\t\t\t<div class=\"col-xl-4 col-lg-6\">\n\t\t\t\t\t\t<div class=\"single-service-style1 single-service-style1--style2 text-center wow fadeInUp\" data-wow-delay=\"00ms\" data-wow-duration=\"1500ms\">\n\t\t\t\t\t\t\t<div class=\"title-holder\">\n\t\t\t\t\t\t\t\t<div class=\"icon\">\n\t\t\t\t\t\t\t\t\t<div class=\"shape1\"><\/div>\n\t\t\t\t\t\t\t\t\t<span class=\" flaticon-broken-house\"><\/span>\n\t\t\t\t\t\t\t\t<\/div>\n\t\t\t\t\t\t\t\t<h3><a href=\"\">Reconstruc\u021bia cl\u0103dirilor existente<\/a><\/h3>\n\t\t\t\t\t\t\t\t<div class=\"inner-text\">\n\t\t\t\t\t\t\t\t\t<p>Execut\u0103m lucr\u0103ri de reconstruc\u021bie pentru cl\u0103diri care necesit\u0103 refacerea unor elemente constructive, adaptarea compartiment\u0103rii sau \u00eembun\u0103t\u0103\u021birea parametrilor func\u021bionali \u0219i tehnici.<\/p>\n\t\t\t\t\t\t\t\t<\/div>\n\t\t\t\t\t\t\t\t<div class=\"readmore-button\">\n\t\t\t\t\t\t\t\t\t<a href=\"\"><span class=\"flaticon-right-arrow-1\"><\/span><\/a>\n\t\t\t\t\t\t\t\t<\/div>\n\t\t\t\t\t\t\t<\/div>\n\t\t\t\t\t\t<\/div>\n\t\t\t\t\t<\/div>\n\t\t\t\t\t\t\t\t\t\t<div class=\"col-xl-4 col-lg-6\">\n\t\t\t\t\t\t<div class=\"single-service-style1 single-service-style1--style2 text-center wow fadeInUp\" data-wow-delay=\"00ms\" data-wow-duration=\"1500ms\">\n\t\t\t\t\t\t\t<div class=\"title-holder\">\n\t\t\t\t\t\t\t\t<div class=\"icon\">\n\t\t\t\t\t\t\t\t\t<div class=\"shape1\"><\/div>\n\t\t\t\t\t\t\t\t\t<span class=\"fas fa-paint-roller\"><\/span>\n\t\t\t\t\t\t\t\t<\/div>\n\t\t\t\t\t\t\t\t<h3><a href=\"\">Renov\u0103ri interioare \u0219i exterioare<\/a><\/h3>\n\t\t\t\t\t\t\t\t<div class=\"inner-text\">\n\t\t\t\t\t\t\t\t\t<p>Realiz\u0103m lucr\u0103ri de renovare menite s\u0103 \u00eembun\u0103t\u0103\u021beasc\u0103 aspectul, confortul \u0219i starea general\u0103 a cl\u0103dirii, at\u00e2t la interior, c\u00e2t \u0219i la exterior.<\/p>\n\t\t\t\t\t\t\t\t<\/div>\n\t\t\t\t\t\t\t\t<div class=\"readmore-button\">\n\t\t\t\t\t\t\t\t\t<a href=\"\"><span class=\"flaticon-right-arrow-1\"><\/span><\/a>\n\t\t\t\t\t\t\t\t<\/div>\n\t\t\t\t\t\t\t<\/div>\n\t\t\t\t\t\t<\/div>\n\t\t\t\t\t<\/div>\n\t\t\t\t\t\t\t\t\t\t<div class=\"col-xl-4 col-lg-6\">\n\t\t\t\t\t\t<div class=\"single-service-style1 single-service-style1--style2 text-center wow fadeInUp\" data-wow-delay=\"00ms\" data-wow-duration=\"1500ms\">\n\t\t\t\t\t\t\t<div class=\"title-holder\">\n\t\t\t\t\t\t\t\t<div class=\"icon\">\n\t\t\t\t\t\t\t\t\t<div class=\"shape1\"><\/div>\n\t\t\t\t\t\t\t\t\t<span class=\"fas fa-pencil-alt\"><\/span>\n\t\t\t\t\t\t\t\t<\/div>\n\t\t\t\t\t\t\t\t<h3><a href=\"\">Modernizare \u0219i reamenajare<\/a><\/h3>\n\t\t\t\t\t\t\t\t<div class=\"inner-text\">\n\t\t\t\t\t\t\t\t\t<p>Oferim solu\u021bii de modernizare pentru spa\u021bii reziden\u021biale, comerciale sau industriale, prin reconfigurare, optimizare \u0219i adaptare la cerin\u021be noi de utilizare.<\/p>\n\t\t\t\t\t\t\t\t<\/div>\n\t\t\t\t\t\t\t\t<div class=\"readmore-button\">\n\t\t\t\t\t\t\t\t\t<a href=\"\"><span class=\"flaticon-right-arrow-1\"><\/span><\/a>\n\t\t\t\t\t\t\t\t<\/div>\n\t\t\t\t\t\t\t<\/div>\n\t\t\t\t\t\t<\/div>\n\t\t\t\t\t<\/div>\n\t\t\t\t\t\t\t\t\t\t<div class=\"col-xl-6 col-lg-6\">\n\t\t\t\t\t\t<div class=\"single-service-style1 single-service-style1--style2 text-center wow fadeInUp\" data-wow-delay=\"00ms\" data-wow-duration=\"1500ms\">\n\t\t\t\t\t\t\t<div class=\"title-holder\">\n\t\t\t\t\t\t\t\t<div class=\"icon\">\n\t\t\t\t\t\t\t\t\t<div class=\"shape1\"><\/div>\n\t\t\t\t\t\t\t\t\t<span class=\"fas fa-home\"><\/span>\n\t\t\t\t\t\t\t\t<\/div>\n\t\t\t\t\t\t\t\t<h3><a href=\"\">Consolidare \u0219i reabilitare<\/a><\/h3>\n\t\t\t\t\t\t\t\t<div class=\"inner-text\">\n\t\t\t\t\t\t\t\t\t<p>Execut\u0103m lucr\u0103ri de consolidare \u0219i reabilitare a construc\u021biilor, av\u00e2nd ca scop cre\u0219terea siguran\u021bei, durabilit\u0103\u021bii \u0219i eficien\u021bei acestora.<\/p>\n\t\t\t\t\t\t\t\t<\/div>\n\t\t\t\t\t\t\t\t<div class=\"readmore-button\">\n\t\t\t\t\t\t\t\t\t<a href=\"\"><span class=\"flaticon-right-arrow-1\"><\/span><\/a>\n\t\t\t\t\t\t\t\t<\/div>\n\t\t\t\t\t\t\t<\/div>\n\t\t\t\t\t\t<\/div>\n\t\t\t\t\t<\/div>\n\t\t\t\t\t\t\t\t\t\t<div class=\"col-xl-6 col-lg-6\">\n\t\t\t\t\t\t<div class=\"single-service-style1 single-service-style1--style2 text-center wow fadeInUp\" data-wow-delay=\"00ms\" data-wow-duration=\"1500ms\">\n\t\t\t\t\t\t\t<div class=\"title-holder\">\n\t\t\t\t\t\t\t\t<div class=\"icon\">\n\t\t\t\t\t\t\t\t\t<div class=\"shape1\"><\/div>\n\t\t\t\t\t\t\t\t\t<span class=\"fas fa-key\"><\/span>\n\t\t\t\t\t\t\t\t<\/div>\n\t\t\t\t\t\t\t\t<h3><a href=\"\">Renovare la cheie<\/a><\/h3>\n\t\t\t\t\t\t\t\t<div class=\"inner-text\">\n\t\t\t\t\t\t\t\t\t<p>Asigur\u0103m solu\u021bii complete de renovare, de la lucr\u0103rile de baz\u0103 p\u00e2n\u0103 la finisajele finale \u0219i predarea spa\u021biului \u00een stare preg\u0103tit\u0103 pentru utilizare.<\/p>\n\t\t\t\t\t\t\t\t<\/div>\n\t\t\t\t\t\t\t\t<div class=\"readmore-button\">\n\t\t\t\t\t\t\t\t\t<a href=\"\"><span class=\"flaticon-right-arrow-1\"><\/span><\/a>\n\t\t\t\t\t\t\t\t<\/div>\n\t\t\t\t\t\t\t<\/div>\n\t\t\t\t\t\t<\/div>\n\t\t\t\t\t<\/div>\n\t\t\t\t\t\t\t\t\t<\/div>\n\t\t\t\t\n\t\t\t\t\t\t\t<\/div>\n\t\t<\/section>\n\t\t<!--End Service Style2 Area-->\n             \n\t\t\t\t\t\t<\/div>\n\t\t\t\t<\/div>\n\t\t\t\t\t<\/div>\n\t\t<\/div>\n\t\t\t\t\t<\/div>\n\t\t<\/section>\n\t\t\t\t<\/div>\n\t\t","protected":false},"excerpt":{"rendered":"<p>RECONSTRUC\u021aIE \u0218I RENOVARE Lucr\u0103rile de reconstruc\u021bie \u0219i renovare au rolul de a readuce la via\u021b\u0103 cl\u0103dirile existente, de a le \u00eembun\u0103t\u0103\u021bi func\u021bionalitatea \u0219i de a le adapta cerin\u021belor actuale de utilizare. Procesul poate include interven\u021bii structurale, reconfigur\u0103ri interioare, \u00eenlocuirea sau modernizarea instala\u021biilor, precum \u0219i lucr\u0103ri complete de finisare. Fiecare proiect este realizat cu aten\u021bie la [&hellip;]<\/p>\n","protected":false},"author":1,"featured_media":0,"parent":0,"menu_order":0,"comment_status":"closed","ping_status":"closed","template":"tpl-default-elementor.php","meta":{"footnotes":""},"class_list":["post-8059","page","type-page","status-publish","hentry"],"_links":{"self":[{"href":"https:\/\/clemantin.md\/ro\/wp-json\/wp\/v2\/pages\/8059","targetHints":{"allow":["GET"]}}],"collection":[{"href":"https:\/\/clemantin.md\/ro\/wp-json\/wp\/v2\/pages"}],"about":[{"href":"https:\/\/clemantin.md\/ro\/wp-json\/wp\/v2\/types\/page"}],"author":[{"embeddable":true,"href":"https:\/\/clemantin.md\/ro\/wp-json\/wp\/v2\/users\/1"}],"replies":[{"embeddable":true,"href":"https:\/\/clemantin.md\/ro\/wp-json\/wp\/v2\/comments?post=8059"}],"version-history":[{"count":8,"href":"https:\/\/clemantin.md\/ro\/wp-json\/wp\/v2\/pages\/8059\/revisions"}],"predecessor-version":[{"id":8074,"href":"https:\/\/clemantin.md\/ro\/wp-json\/wp\/v2\/pages\/8059\/revisions\/8074"}],"wp:attachment":[{"href":"https:\/\/clemantin.md\/ro\/wp-json\/wp\/v2\/media?parent=8059"}],"curies":[{"name":"wp","href":"https:\/\/api.w.org\/{rel}","templated":true}]}}