{"id":8045,"date":"2026-03-17T17:16:10","date_gmt":"2026-03-17T14:16:10","guid":{"rendered":"https:\/\/cv127557.tw1.ru\/promyshlennoe-stroitelstvo\/"},"modified":"2026-04-01T11:41:10","modified_gmt":"2026-04-01T08:41:10","slug":"constructii-industriale","status":"publish","type":"page","link":"https:\/\/clemantin.md\/ro\/constructii-industriale\/","title":{"rendered":"Construc\u021bii industriale"},"content":{"rendered":"\t\t<div data-elementor-type=\"wp-page\" data-elementor-id=\"8045\" class=\"elementor elementor-8045 elementor-6149\">\n\t\t\t\t<div class=\"elementor-element elementor-element-1ff06b97 e-con-full e-flex e-con e-parent\" data-id=\"1ff06b97\" data-element_type=\"container\" data-e-type=\"container\" data-settings=\"{&quot;background_background&quot;:&quot;classic&quot;}\">\n\t\t<div class=\"elementor-element elementor-element-4cdab8cd e-con-full e-flex e-con e-child\" data-id=\"4cdab8cd\" data-element_type=\"container\" data-e-type=\"container\">\n\t\t\t\t<div class=\"elementor-element elementor-element-48f2d95a elementor-widget elementor-widget-heading\" data-id=\"48f2d95a\" data-element_type=\"widget\" data-e-type=\"widget\" data-widget_type=\"heading.default\">\n\t\t\t\t\t<h2 class=\"elementor-heading-title elementor-size-default\">CONSTRUC\u021aII INDUSTRIALE<\/h2>\t\t\t\t<\/div>\n\t\t\t\t<\/div>\n\t\t<div class=\"elementor-element elementor-element-5038b98 e-con-full e-flex e-con e-child\" data-id=\"5038b98\" data-element_type=\"container\" data-e-type=\"container\">\n\t\t\t\t<div class=\"elementor-element elementor-element-429d30d elementor-widget elementor-widget-text-editor\" data-id=\"429d30d\" data-element_type=\"widget\" data-e-type=\"widget\" data-widget_type=\"text-editor.default\">\n\t\t\t\t\t\t\t\t\t<p style=\"text-align: left;\"><span style=\"color: #ffffff;\">Construc\u021biile industriale presupun realizarea unor obiective func\u021bionale, durabile \u0219i adaptate cerin\u021belor tehnice specifice fiec\u0103rui domeniu de activitate. Procesul include execu\u021bia lucr\u0103rilor structurale, \u00eenchiderile exterioare, instala\u021biile inginere\u0219ti \u0219i toate elementele necesare pentru ob\u021binerea unei construc\u021bii sigure, eficiente \u0219i preg\u0103tite pentru exploatare. Fiecare proiect este abordat cu responsabilitate, precizie \u0219i respectarea standardelor de calitate.<\/span><\/p>\t\t\t\t\t\t\t\t<\/div>\n\t\t\t\t<\/div>\n\t\t\t\t<\/div>\n\t\t\t\t<section class=\"elementor-section elementor-top-section elementor-element elementor-element-47be34a5 elementor-section-full_width elementor-section-height-min-height elementor-section-height-default elementor-section-items-middle\" data-id=\"47be34a5\" data-element_type=\"section\" data-e-type=\"section\">\n\t\t\t\t\t\t<div class=\"elementor-container elementor-column-gap-no\">\n\t\t\t\t\t<div class=\"elementor-column elementor-col-100 elementor-top-column elementor-element elementor-element-5469b349\" data-id=\"5469b349\" data-element_type=\"column\" data-e-type=\"column\">\n\t\t\t<div class=\"elementor-widget-wrap elementor-element-populated\">\n\t\t\t\t\t\t<div class=\"elementor-element elementor-element-3e3fb95d service-block--h100 service-block--max-content elementor-widget elementor-widget-roofplan_h3_service_icon\" data-id=\"3e3fb95d\" data-element_type=\"widget\" data-e-type=\"widget\" data-widget_type=\"roofplan_h3_service_icon.default\">\n\t\t\t\t<div class=\"elementor-widget-container\">\n\t\t\t\t\t        \n\t\t<!--Start Service Style2 Area-->\n\t\t<section class=\"service-style2-area \">\n\t\t\t<div class=\"shape1 wow slideInLeft\" data-wow-delay=\"100ms\" data-wow-duration=\"3500ms\">\n\t\t\t\t\t\t\t\t<div class=\"noimage\"><\/div>\n\t\t\t\t\t\t\t<\/div>\n\t\t\t<div class=\"shape2 wow slideInRight\" data-wow-delay=\"100ms\" data-wow-duration=\"3500ms\">\n\t\t\t\t\t\t\t\t<div class=\"noimage\"><\/div>\n\t\t\t\t\t\t\t<\/div>\n\t\t\t<div class=\"shape3 wow slideInLeft\" data-wow-delay=\"100ms\" data-wow-duration=\"1000ms\">\n\t\t\t\t\t\t\t\t<div class=\"noimage\"><\/div>\n\t\t\t\t\t\t\t<\/div>\n\t\t\t<div class=\"shape4 wow slideInDown\" data-wow-delay=\"100ms\" data-wow-duration=\"1000ms\">\n\t\t\t\t\t\t\t\t<div class=\"noimage\"><\/div>\n\t\t\t\t\t\t\t<\/div>\n\t\t\t<div class=\"shape5 wow slideInRight\" data-wow-delay=\"100ms\" data-wow-duration=\"3500ms\">\n\t\t\t\t\t\t\t\t<div class=\"noimage\"><\/div>\n\t\t\t\t\t\t\t<\/div>\n\t\t\t<div class=\"container\">\n\t\t\t\t\t\t\t\t<div class=\"row\">\n\t\t\t\t\t\t\t\t\t\t<div class=\"col-xl-4 col-lg-6\">\n\t\t\t\t\t\t<div class=\"single-service-style1 single-service-style1--style2 text-center wow fadeInUp\" data-wow-delay=\"00ms\" data-wow-duration=\"1500ms\">\n\t\t\t\t\t\t\t<div class=\"title-holder\">\n\t\t\t\t\t\t\t\t<div class=\"icon\">\n\t\t\t\t\t\t\t\t\t<div class=\"shape1\"><\/div>\n\t\t\t\t\t\t\t\t\t<span class=\" flaticon-location-pin\"><\/span>\n\t\t\t\t\t\t\t\t<\/div>\n\t\t\t\t\t\t\t\t<h3><a href=\"\">Hale industriale<\/a><\/h3>\n\t\t\t\t\t\t\t\t<div class=\"inner-text\">\n\t\t\t\t\t\t\t\t\t<p>Execut\u0103m hale industriale destinate produc\u021biei, depozit\u0103rii, proces\u0103rii sau altor activit\u0103\u021bi economice, cu solu\u021bii constructive adaptate cerin\u021belor tehnice \u0219i func\u021bionale ale fiec\u0103rui proiect.<\/p>\n\t\t\t\t\t\t\t\t<\/div>\n\t\t\t\t\t\t\t\t<div class=\"readmore-button\">\n\t\t\t\t\t\t\t\t\t<a href=\"\"><span class=\"flaticon-right-arrow-1\"><\/span><\/a>\n\t\t\t\t\t\t\t\t<\/div>\n\t\t\t\t\t\t\t<\/div>\n\t\t\t\t\t\t<\/div>\n\t\t\t\t\t<\/div>\n\t\t\t\t\t\t\t\t\t\t<div class=\"col-xl-4 col-lg-6\">\n\t\t\t\t\t\t<div class=\"single-service-style1 single-service-style1--style2 text-center wow fadeInUp\" data-wow-delay=\"00ms\" data-wow-duration=\"1500ms\">\n\t\t\t\t\t\t\t<div class=\"title-holder\">\n\t\t\t\t\t\t\t\t<div class=\"icon\">\n\t\t\t\t\t\t\t\t\t<div class=\"shape1\"><\/div>\n\t\t\t\t\t\t\t\t\t<span class=\" flaticon-location-pin\"><\/span>\n\t\t\t\t\t\t\t\t<\/div>\n\t\t\t\t\t\t\t\t<h3><a href=\"\">Depozite \u0219i spa\u021bii logistice<\/a><\/h3>\n\t\t\t\t\t\t\t\t<div class=\"inner-text\">\n\t\t\t\t\t\t\t\t\t<p>Realiz\u0103m depozite, centre logistice \u0219i spa\u021bii de stocare concepute pentru eficien\u021b\u0103 opera\u021bional\u0103, siguran\u021b\u0103 \u0219i organizare optim\u0103 a fluxurilor de lucru.<\/p>\n\t\t\t\t\t\t\t\t<\/div>\n\t\t\t\t\t\t\t\t<div class=\"readmore-button\">\n\t\t\t\t\t\t\t\t\t<a href=\"\"><span class=\"flaticon-right-arrow-1\"><\/span><\/a>\n\t\t\t\t\t\t\t\t<\/div>\n\t\t\t\t\t\t\t<\/div>\n\t\t\t\t\t\t<\/div>\n\t\t\t\t\t<\/div>\n\t\t\t\t\t\t\t\t\t\t<div class=\"col-xl-4 col-lg-6\">\n\t\t\t\t\t\t<div class=\"single-service-style1 single-service-style1--style2 text-center wow fadeInUp\" data-wow-delay=\"00ms\" data-wow-duration=\"1500ms\">\n\t\t\t\t\t\t\t<div class=\"title-holder\">\n\t\t\t\t\t\t\t\t<div class=\"icon\">\n\t\t\t\t\t\t\t\t\t<div class=\"shape1\"><\/div>\n\t\t\t\t\t\t\t\t\t<span class=\" flaticon-location-pin\"><\/span>\n\t\t\t\t\t\t\t\t<\/div>\n\t\t\t\t\t\t\t\t<h3><a href=\"\">Cl\u0103diri administrative \u0219i auxiliare<\/a><\/h3>\n\t\t\t\t\t\t\t\t<div class=\"inner-text\">\n\t\t\t\t\t\t\t\t\t<p>Construim spa\u021bii administrative, tehnice \u0219i auxiliare aferente obiectivelor industriale, necesare desf\u0103\u0219ur\u0103rii activit\u0103\u021bii \u00een condi\u021bii moderne \u0219i func\u021bionale.<\/p>\n\t\t\t\t\t\t\t\t<\/div>\n\t\t\t\t\t\t\t\t<div class=\"readmore-button\">\n\t\t\t\t\t\t\t\t\t<a href=\"\"><span class=\"flaticon-right-arrow-1\"><\/span><\/a>\n\t\t\t\t\t\t\t\t<\/div>\n\t\t\t\t\t\t\t<\/div>\n\t\t\t\t\t\t<\/div>\n\t\t\t\t\t<\/div>\n\t\t\t\t\t\t\t\t\t\t<div class=\"col-xl-6 col-lg-6\">\n\t\t\t\t\t\t<div class=\"single-service-style1 single-service-style1--style2 text-center wow fadeInUp\" data-wow-delay=\"00ms\" data-wow-duration=\"1500ms\">\n\t\t\t\t\t\t\t<div class=\"title-holder\">\n\t\t\t\t\t\t\t\t<div class=\"icon\">\n\t\t\t\t\t\t\t\t\t<div class=\"shape1\"><\/div>\n\t\t\t\t\t\t\t\t\t<span class=\" flaticon-location-pin\"><\/span>\n\t\t\t\t\t\t\t\t<\/div>\n\t\t\t\t\t\t\t\t<h3><a href=\"\">Reconstruc\u021bia \u0219i modernizarea obiectivelor industriale<\/a><\/h3>\n\t\t\t\t\t\t\t\t<div class=\"inner-text\">\n\t\t\t\t\t\t\t\t\t<p>Execut\u0103m lucr\u0103ri de reabilitare, extindere, consolidare \u0219i modernizare a construc\u021biilor industriale existente, pentru adaptarea acestora la noi cerin\u021be tehnice \u0219i opera\u021bionale.<\/p>\n\t\t\t\t\t\t\t\t<\/div>\n\t\t\t\t\t\t\t\t<div class=\"readmore-button\">\n\t\t\t\t\t\t\t\t\t<a href=\"\"><span class=\"flaticon-right-arrow-1\"><\/span><\/a>\n\t\t\t\t\t\t\t\t<\/div>\n\t\t\t\t\t\t\t<\/div>\n\t\t\t\t\t\t<\/div>\n\t\t\t\t\t<\/div>\n\t\t\t\t\t\t\t\t\t\t<div class=\"col-xl-6 col-lg-6\">\n\t\t\t\t\t\t<div class=\"single-service-style1 single-service-style1--style2 text-center wow fadeInUp\" data-wow-delay=\"00ms\" data-wow-duration=\"1500ms\">\n\t\t\t\t\t\t\t<div class=\"title-holder\">\n\t\t\t\t\t\t\t\t<div class=\"icon\">\n\t\t\t\t\t\t\t\t\t<div class=\"shape1\"><\/div>\n\t\t\t\t\t\t\t\t\t<span class=\" flaticon-location-pin\"><\/span>\n\t\t\t\t\t\t\t\t<\/div>\n\t\t\t\t\t\t\t\t<h3><a href=\"\">Construc\u021bii industriale la cheie<\/a><\/h3>\n\t\t\t\t\t\t\t\t<div class=\"inner-text\">\n\t\t\t\t\t\t\t\t\t<p>Oferim solu\u021bii complete de execu\u021bie pentru obiective industriale, de la lucr\u0103rile structurale p\u00e2n\u0103 la finisaje, instala\u021bii \u0219i predarea construc\u021biei \u00een stare preg\u0103tit\u0103 pentru exploatare.<\/p>\n\t\t\t\t\t\t\t\t<\/div>\n\t\t\t\t\t\t\t\t<div class=\"readmore-button\">\n\t\t\t\t\t\t\t\t\t<a href=\"\"><span class=\"flaticon-right-arrow-1\"><\/span><\/a>\n\t\t\t\t\t\t\t\t<\/div>\n\t\t\t\t\t\t\t<\/div>\n\t\t\t\t\t\t<\/div>\n\t\t\t\t\t<\/div>\n\t\t\t\t\t\t\t\t\t<\/div>\n\t\t\t\t\n\t\t\t\t\t\t\t<\/div>\n\t\t<\/section>\n\t\t<!--End Service Style2 Area-->\n             \n\t\t\t\t\t\t<\/div>\n\t\t\t\t<\/div>\n\t\t\t\t\t<\/div>\n\t\t<\/div>\n\t\t\t\t\t<\/div>\n\t\t<\/section>\n\t\t\t\t<\/div>\n\t\t","protected":false},"excerpt":{"rendered":"<p>CONSTRUC\u021aII INDUSTRIALE Construc\u021biile industriale presupun realizarea unor obiective func\u021bionale, durabile \u0219i adaptate cerin\u021belor tehnice specifice fiec\u0103rui domeniu de activitate. Procesul include execu\u021bia lucr\u0103rilor structurale, \u00eenchiderile exterioare, instala\u021biile inginere\u0219ti \u0219i toate elementele necesare pentru ob\u021binerea unei construc\u021bii sigure, eficiente \u0219i preg\u0103tite pentru exploatare. Fiecare proiect este abordat cu responsabilitate, precizie \u0219i respectarea standardelor de calitate. Hale [&hellip;]<\/p>\n","protected":false},"author":1,"featured_media":0,"parent":0,"menu_order":0,"comment_status":"closed","ping_status":"closed","template":"tpl-default-elementor.php","meta":{"footnotes":""},"class_list":["post-8045","page","type-page","status-publish","hentry"],"_links":{"self":[{"href":"https:\/\/clemantin.md\/ro\/wp-json\/wp\/v2\/pages\/8045","targetHints":{"allow":["GET"]}}],"collection":[{"href":"https:\/\/clemantin.md\/ro\/wp-json\/wp\/v2\/pages"}],"about":[{"href":"https:\/\/clemantin.md\/ro\/wp-json\/wp\/v2\/types\/page"}],"author":[{"embeddable":true,"href":"https:\/\/clemantin.md\/ro\/wp-json\/wp\/v2\/users\/1"}],"replies":[{"embeddable":true,"href":"https:\/\/clemantin.md\/ro\/wp-json\/wp\/v2\/comments?post=8045"}],"version-history":[{"count":5,"href":"https:\/\/clemantin.md\/ro\/wp-json\/wp\/v2\/pages\/8045\/revisions"}],"predecessor-version":[{"id":8051,"href":"https:\/\/clemantin.md\/ro\/wp-json\/wp\/v2\/pages\/8045\/revisions\/8051"}],"wp:attachment":[{"href":"https:\/\/clemantin.md\/ro\/wp-json\/wp\/v2\/media?parent=8045"}],"curies":[{"name":"wp","href":"https:\/\/api.w.org\/{rel}","templated":true}]}}