{"id":7907,"date":"2026-03-19T10:40:23","date_gmt":"2026-03-19T07:40:23","guid":{"rendered":"https:\/\/cv127557.tw1.ru\/about-us\/"},"modified":"2026-04-01T11:41:38","modified_gmt":"2026-04-01T08:41:38","slug":"despre-noi","status":"publish","type":"page","link":"https:\/\/clemantin.md\/ro\/despre-noi\/","title":{"rendered":"Despre noi"},"content":{"rendered":"\t\t<div data-elementor-type=\"wp-page\" data-elementor-id=\"7907\" class=\"elementor elementor-7907 elementor-6550\">\n\t\t\t\t<div class=\"elementor-element elementor-element-ca09c91 e-con-full e-flex e-con e-parent\" data-id=\"ca09c91\" data-element_type=\"container\" data-e-type=\"container\" data-settings=\"{&quot;background_background&quot;:&quot;classic&quot;}\">\n\t\t<div class=\"elementor-element elementor-element-b3400d e-con-full e-flex e-con e-child\" data-id=\"b3400d\" data-element_type=\"container\" data-e-type=\"container\">\n\t\t\t\t<div class=\"elementor-element elementor-element-46087121 elementor-widget elementor-widget-heading\" data-id=\"46087121\" data-element_type=\"widget\" data-e-type=\"widget\" data-widget_type=\"heading.default\">\n\t\t\t\t\t<h2 class=\"elementor-heading-title elementor-size-default\">DESPRE NOI<\/h2>\t\t\t\t<\/div>\n\t\t\t\t<\/div>\n\t\t<div class=\"elementor-element elementor-element-706199f8 e-con-full e-flex e-con e-child\" data-id=\"706199f8\" data-element_type=\"container\" data-e-type=\"container\">\n\t\t\t\t<div class=\"elementor-element elementor-element-480d4d84 elementor-widget elementor-widget-text-editor\" data-id=\"480d4d84\" data-element_type=\"widget\" data-e-type=\"widget\" data-widget_type=\"text-editor.default\">\n\t\t\t\t\t\t\t\t\t<p style=\"text-align: left;\"><span style=\"color: #ffffff;\"><strong>CLEMANTIN SRL<\/strong> \u00eenseamn\u0103 tradi\u021bie, stabilitate \u0219i standarde ridicate \u2014 un partener de \u00eencredere pentru cei care apreciaz\u0103 calitatea, seriozitatea \u0219i execu\u021bia f\u0103r\u0103 compromisuri.<\/span><\/p>\t\t\t\t\t\t\t\t<\/div>\n\t\t\t\t<\/div>\n\t\t\t\t<\/div>\n\t\t<div class=\"elementor-element elementor-element-25178f99 e-flex e-con-boxed e-con e-parent\" data-id=\"25178f99\" data-element_type=\"container\" data-e-type=\"container\" data-settings=\"{&quot;background_background&quot;:&quot;classic&quot;}\">\n\t\t\t\t\t<div class=\"e-con-inner\">\n\t\t\t\t<div class=\"elementor-element elementor-element-1fabf237 elementor-widget elementor-widget-heading\" data-id=\"1fabf237\" data-element_type=\"widget\" data-e-type=\"widget\" data-widget_type=\"heading.default\">\n\t\t\t\t\t<h2 class=\"elementor-heading-title elementor-size-default\">Fondat\u0103 la 27 decembrie 1999, CLEMANTIN SRL reprezint\u0103 expresia profesionalismului, seriozit\u0103\u021bii \u0219i angajamentului fa\u021b\u0103 de calitate \u00een domeniul construc\u021biilor \u0219i al serviciilor conexe. Cu o experien\u021b\u0103 construit\u0103 \u00een timp \u0219i consolidat\u0103 prin responsabilitate, compania noastr\u0103 \u00ee\u0219i desf\u0103\u0219oar\u0103 activitatea av\u00e2nd la baz\u0103 principii solide: excelen\u021b\u0103 \u00een execu\u021bie, respect fa\u021b\u0103 de client \u0219i orientare spre rezultate durabile.\n\u00a0<br>\n\u00a0<br>\nLa CLEMANTIN SRL, fiecare proiect este tratat ca o investi\u021bie \u00een \u00eencredere, imagine \u0219i valoare pe termen lung. Punem accent pe aten\u021bia la detalii, pe respectarea standardelor de calitate \u0219i pe identificarea celor mai potrivite solu\u021bii pentru fiecare beneficiar, indiferent de complexitatea lucr\u0103rii.\n\u00a0<br>\n\u00a0<br>\nExperien\u021ba acumulat\u0103 din 1999 ne permite s\u0103 abord\u0103m fiecare colaborare cu maturitate profesional\u0103, viziune \u0219i responsabilitate, oferind servicii realizate cu rigurozitate \u0219i dedicare. Credem c\u0103 adev\u0103rata performan\u021b\u0103 se construie\u0219te prin consecven\u021b\u0103, corectitudine \u0219i capacitatea de a transforma cerin\u021bele clien\u021bilor \u00een rezultate sigure, func\u021bionale \u0219i durabile.\n\u00a0<br>\n\u00a0<br>\nCLEMANTIN SRL, fondat\u0103 la 27 decembrie 1999, este o companie construit\u0103 pe valori solide, profesionalism \u0219i respect pentru calitate. Cu o experien\u021b\u0103 consolidat\u0103 \u00een timp, ne dedic\u0103m realiz\u0103rii proiectelor cu responsabilitate, aten\u021bie la detalii \u0219i angajament fa\u021b\u0103 de excelen\u021b\u0103. Pentru noi, fiecare lucrare reflect\u0103 standardele companiei noastre: seriozitate, durabilitate \u0219i execu\u021bie impecabil\u0103.\n\u00a0<br>\n\u00a0<br>\nCLEMANTIN SRL \u2013 tradi\u021bie din 1999, \u00eencredere construit\u0103 prin calitate.<\/h2>\t\t\t\t<\/div>\n\t\t\t\t\t<\/div>\n\t\t\t\t<\/div>\n\t\t\t\t<\/div>\n\t\t","protected":false},"excerpt":{"rendered":"<p>DESPRE NOI CLEMANTIN SRL \u00eenseamn\u0103 tradi\u021bie, stabilitate \u0219i standarde ridicate \u2014 un partener de \u00eencredere pentru cei care apreciaz\u0103 calitatea, seriozitatea \u0219i execu\u021bia f\u0103r\u0103 compromisuri. Fondat\u0103 la 27 decembrie 1999, CLEMANTIN SRL reprezint\u0103 expresia profesionalismului, seriozit\u0103\u021bii \u0219i angajamentului fa\u021b\u0103 de calitate \u00een domeniul construc\u021biilor \u0219i al serviciilor conexe. Cu o experien\u021b\u0103 construit\u0103 \u00een timp \u0219i [&hellip;]<\/p>\n","protected":false},"author":1,"featured_media":0,"parent":0,"menu_order":0,"comment_status":"closed","ping_status":"closed","template":"tpl-default-elementor.php","meta":{"footnotes":""},"class_list":["post-7907","page","type-page","status-publish","hentry"],"_links":{"self":[{"href":"https:\/\/clemantin.md\/ro\/wp-json\/wp\/v2\/pages\/7907","targetHints":{"allow":["GET"]}}],"collection":[{"href":"https:\/\/clemantin.md\/ro\/wp-json\/wp\/v2\/pages"}],"about":[{"href":"https:\/\/clemantin.md\/ro\/wp-json\/wp\/v2\/types\/page"}],"author":[{"embeddable":true,"href":"https:\/\/clemantin.md\/ro\/wp-json\/wp\/v2\/users\/1"}],"replies":[{"embeddable":true,"href":"https:\/\/clemantin.md\/ro\/wp-json\/wp\/v2\/comments?post=7907"}],"version-history":[{"count":5,"href":"https:\/\/clemantin.md\/ro\/wp-json\/wp\/v2\/pages\/7907\/revisions"}],"predecessor-version":[{"id":7913,"href":"https:\/\/clemantin.md\/ro\/wp-json\/wp\/v2\/pages\/7907\/revisions\/7913"}],"wp:attachment":[{"href":"https:\/\/clemantin.md\/ro\/wp-json\/wp\/v2\/media?parent=7907"}],"curies":[{"name":"wp","href":"https:\/\/api.w.org\/{rel}","templated":true}]}}